{"id":434,"date":"2023-11-29T16:39:51","date_gmt":"2023-11-29T21:39:51","guid":{"rendered":"https:\/\/venttourperu.com\/terms-and-conditions\/"},"modified":"2024-01-21T16:04:35","modified_gmt":"2024-01-21T21:04:35","slug":"terms-and-conditions","status":"publish","type":"page","link":"https:\/\/venttourperu.com\/en\/terms-and-conditions\/","title":{"rendered":"Terms and Conditions"},"content":{"rendered":"\n<h2 class=\"wp-block-heading\">VENTTOUR PERU E.I.R.L<\/h2>\n\n<h3 class=\"wp-block-heading\">T\u00c9RMINOS Y CONDICIONES:<\/h3>\n\n<p>Estimado cliente, antes de contratar cualquier servicio con VENTTOUR PERU S.r.l, le sugerimos leer atentamente estos t\u00e9rminos y condiciones y de acuerdo con las normas de viaje peruanas, al momento de reservar un tour o caminata con Isa VENTTOUR PERU S.r.l. Usted autom\u00e1ticamente se adhiere a estas regulaciones que pueden diferir un poco de su pa\u00eds de origen, por lo que le sugerimos que lea atentamente estos t\u00e9rminos y condiciones que se describen a continuaci\u00f3n. y si tiene alguna pregunta, no dude en ponerse en contacto con nuestro personal. Despu\u00e9s de esto, estar\u00e1 listo para hacer su reserva formal con nosotros.<\/p>\n\n<h3 class=\"wp-block-heading\">RESERVAS:<\/h3>\n\n<p>Una vez que haya decidido realizar una reserva formal con VENTTOUR PERU S.r.l, debe llenar nuestro formulario de reserva en l\u00ednea en nuestro sitio web del tour o caminata que desea realizar, en el cual solicitamos la siguiente informaci\u00f3n: Nombre completo tal como aparece en su Pasaporte, (no se aceptan apodos) N\u00famero de pasaporte (si cambia su n\u00famero de pasaporte despu\u00e9s de reservar un tour, inf\u00f3rmenos), edad, nacionalidad, n\u00famero de tel\u00e9fono, sexo, correo electr\u00f3nico, alimentaci\u00f3n. Fechas de vuelo, hora de llegada a Cusco u otra ciudad que cubra el tour reservado, alergias, restricciones m\u00e9dicas, o cualquier otra cosa que creas necesaria que debamos saber.<\/p>\n\n<h3 class=\"wp-block-heading\">RESERVAS PARA EL CAMINO INCA:<\/h3>\n\n<p>Si realiza una reserva para el Camino Inca, tenga en cuenta lo siguiente:<\/p>\n\n<ul class=\"wp-block-list\">\n<li>Antes de reservar el Camino Inca, debe asegurarse de la disponibilidad de espacios, para la fecha en que desea realizar esta caminata.<\/li>\n\n\n\n<li>Una vez que haya elegido una fecha de inicio para la caminata, no puede cambiar esta fecha de inicio.<\/li>\n\n\n\n<li>Los permisos para el Camino Inca no son transferibles a otras Personas.<\/li>\n\n\n\n<li>Para reservar el Camino Inca debe enviarnos una copia o una foto de los pasaportes de cada miembro de su grupo.<\/li>\n\n\n\n<li>Debe enviarnos un pasaporte v\u00e1lido para la fecha de inicio de su caminata.<\/li>\n<\/ul>\n\n<h3 class=\"wp-block-heading\">DEP\u00d3SITO INICIAL:<\/h3>\n\n<p>Para tener una reserva formal para cualquier programa, itinerario o tour con VENTTOUR PERU S.a.c, debe enviarnos un dep\u00f3sito de la siguiente manera:<\/p>\n\n<ul class=\"wp-block-list\">\n<li>Para cualquier Camino Inca a Machu Picchu = 200 $ d\u00f3lares americanos por persona.<\/li>\n\n\n\n<li>Para cualquier caminata alternativa = 200 $ d\u00f3lares americanos por persona.<\/li>\n\n\n\n<li>Para cualquier Camino Inca a Machu Picchu + Huaynapicchu o Monta\u00f1a Machupicchu = 270 $ d\u00f3lares americanos por persona.<\/li>\n\n\n\n<li>Para cualquier Amazon Jungle Trip = 200 $ d\u00f3lares americanos por persona.<\/li>\n\n\n\n<li>Para cualquier Paquete Per\u00fa = 40 % del Precio total del Paquete.<\/li>\n\n\n\n<li>Para cualquier otro tour = 200 $ d\u00f3lares americanos por persona.<\/li>\n<\/ul>\n\n<p>TENER EN CUENTA: Todos los dep\u00f3sitos para formalizar un tour, caminata o un programa no son reembolsables ni transferible a otra persona bajo ninguna circunstancia.<\/p>\n\n<h3 class=\"wp-block-heading\">M\u00c9TODOS DE PAGO:<\/h3>\n\n<p>Estimado Cliente VENTTOUR PERU S.r.l le ofrece 4 m\u00e9todos de pago para realizar su dep\u00f3sito inicial o para pagar el resto del Precio total del tour, trek o programa reservado.<\/p>\n\n<h3 class=\"wp-block-heading\">EL PAGO FINAL:<\/h3>\n\n<p>Puede hacer su pago final, 15 d\u00edas antes de la fecha de inicio de su tour, caminata o programa, puede utilizar uno de los 4 m\u00e9todos de pago descritos anteriormente, tambi\u00e9n puede pagar su pago final 5 d\u00edas antes de su fecha de inicio aqu\u00ed en Cusco, puede ser en efectivo, tarjetas de cr\u00e9dito o d\u00e9bito.<\/p>\n\n<p>Nota: Una vez que realice el pago final del precio total, si por alguna raz\u00f3n decide cancelar su tour, caminata o programa, solo se le reembolsar\u00e1 el 50% del pago final.<\/p>\n\n<h3 class=\"wp-block-heading\">CANCELACIONES:<\/h3>\n\n<p>En cualquier momento, el cliente\/comprador podr\u00e1 cancelar los servicios solicitados o contratados sin derecho a devoluci\u00f3n alguna del dep\u00f3sito realizado. El cliente s\u00f3lo tiene derecho al reembolso del 50 por ciento si realiz\u00f3 el pago final del precio total. Seg\u00fan nuestra experiencia un cierto porcentaje de reservas son canceladas por el cliente antes de iniciar el programa por circunstancias imprevistas.<\/p>\n\n<p><strong>Para cualquier otro Tour o Programa: <\/strong>Si usted o alguien de su grupo desea cancelar cualquier otro tour o programa, debe pagar una penalizaci\u00f3n del 50% del precio total. Por ejemplo el Machu Picchu en Tren 2 D\u00edas y 1 Noches basado en 2 personas cuesta 480 $ por persona, entonces el 50% = 240 $ si envi\u00f3 un dep\u00f3sito de 150 $ entonces la penalidad ser\u00e1 240 $ \u2013 150 = 90 $<\/p>\n\n<p>Nota: Tienes hasta 15 d\u00edas antes de la fecha de inicio de tu tour para realizar cualquier tipo de cancelaci\u00f3n mencionada anteriormente. Pasados los 15 d\u00edas si desea realizar alg\u00fan tipo de cancelaci\u00f3n de su tour deber\u00e1 pagar el precio total del tour, trek o programa reservado y no tendr\u00e1 derecho a ning\u00fan tipo de reembolso. Adem\u00e1s, si alguien de su grupo decide cancelar cualquier tour o caminata, \u00e9l o ella tiene que pagar el monto total del Precio del tour o Trek, de lo contrario, los dem\u00e1s miembros del grupo est\u00e1n obligados a pagar el precio total de la caminata por la persona que cancelar\u00e1 el tour o caminata si los dem\u00e1s miembros del grupo desean continuar con el tour o caminata. De lo contrario, se cancelar\u00e1 el recorrido o la caminata.<\/p>\n\n<h3 class=\"wp-block-heading\">FUERZA MAYOR<\/h3>\n\n<p>Retendremos el monto total y VENTTOUR PERU S.r.l no se hace responsable por la falta de presentaci\u00f3n del cliente a causa de la demora o cancelaci\u00f3n de su vuelo. La empresa no se responsabiliza por da\u00f1os o p\u00e9rdidas de equipaje, accidentes, gastos imprevistos y retrasos inevitables, servicios prestados por terceros o causas directas fuera de nuestro control. En el caso desafortunado de no presentarse por razones imprevistas, la compa\u00f1\u00eda proporcionar\u00e1 un certificado al cliente para que lo tramite con su compa\u00f1\u00eda de seguros. Este es cualquier evento que VENTTOUR PERU S.r.l no puede ni siquiera con todo cuidado, prever o evitar. Esto cubre eventos tales como guerra o amenaza de guerra, disturbios, disturbios civiles, actividades terroristas, disputas laborales, enfermedades, pandemias, desastres naturales, condiciones clim\u00e1ticas adversas, incendios o todos los eventos similares fuera de nuestro control. En este caso, VENTTOUR PERU S.r.l no aceptar\u00e1 responsabilidad y se reserva el derecho de cambiar, posponer o incluso cancelar los viajes (\u00a1esta es la \u00faltima opci\u00f3n, por supuesto!).<\/p>\n\n<h3 class=\"wp-block-heading\">RIESGOS ASOCIADOS CON NUESTROS TOURS, CAMINATA O PROGRAMAS<\/h3>\n\n<p>Al reservar cualquiera de nuestros tours, caminatas o programas (Camino Inca a Machu Picchu, Salkantay Trek, Ausangate Trek, Choquequirao Trek, Lares Trek, Manu Jungle Trips y m\u00e1s) usted asume los riesgos asociados con estos tours, caminatas o programas, VENTTOUR PERU S.r.l no acepta ninguna responsabilidad asociada con los riesgos que estos tours, caminatas o programas puedan tener. (Accidentes, huelgas, terremotos, factores clim\u00e1ticos, condiciones de seguridad, factores pol\u00edticos, denegaci\u00f3n de permisos de ingreso, temas de salud, entre otros) adem\u00e1s, VENTTOUR PERU S.r.l nos exonera de responsabilidad en relaci\u00f3n con asuntos legales u otros inconvenientes en los que el Cliente puedan verse involucrados, as\u00ed como los gastos personales en que incurra el pasajero por esta causa.<\/p>\n\n<h3 class=\"wp-block-heading\">PRECIOS Y TARIFAS<\/h3>\n\n<p>Todos los precios y tarifas presentados al cliente\/comprador en nuestro sitio web est\u00e1n sujetos a cambio, disponibilidad y vigencia sin previo aviso. Aplican restricciones y condiciones para cada tarifa publicada seg\u00fan su vigencia.<\/p>\n\n<h3 class=\"wp-block-heading\">RESPONSABILIDADES DEL CLIENTE O COMPRADOR<\/h3>\n\n<p>Responsabilidades y manifestaciones del Cliente:<\/p>\n\n<p>a) Verificar que su pasaporte tenga una vigencia m\u00ednima requerida para su viaje seg\u00fan el pa\u00eds de destino.<\/p>\n\n<p>b) El Cliente declara que no tiene restricci\u00f3n para salir del pa\u00eds por infracciones penales, conforme a lo dispuesto en las Leyes Peruanas.<\/p>\n\n<p>c) Declarar haber sido informado y haber recibido, entendido y aceptado todos los T\u00e9rminos, condiciones y restricciones sobre los servicios y productos proporcionados por VENTTOUR PERU S.r.l<\/p>\n\n<p>d) Aceptar en su totalidad estos t\u00e9rminos y condiciones.<\/p>\n\n<h3 class=\"wp-block-heading\">RESPONSABILIDADES DE NOSOTROS:<\/h3>\n\n<p>VENTTOUR PERU S.r.l es responsable de cumplir con todo lo ofrecido en nuestros tours, caminatas, programas y paquetes tur\u00edsticos, descritos en nuestro sitio web, adem\u00e1s de dar toda la informaci\u00f3n requerida por el cliente. En caso de fuerza mayor, Local Trekkers Per\u00fa, har\u00e1 todo lo que est\u00e9 a nuestro alcance para ayudar a nuestros clientes a solucionar cualquier inconveniente.<\/p>\n\n<h3 class=\"wp-block-heading\">ESTOS T\u00c9RMINOS Y CONDICIONES<\/h3>\n\n<p>VENTTOUR PERU S.r.l, se reserva el derecho de cambiar o modificar estos t\u00e9rminos y condiciones en cualquier momento y sin previo aviso.<\/p>\n\n<p>He le\u00eddo y acepto los t\u00e9rminos y condiciones.<\/p>\n","protected":false},"excerpt":{"rendered":"<p>VENTTOUR PERU E.I.R.L T\u00c9RMINOS Y CONDICIONES: Estimado cliente, antes de contratar cualquier servicio con VENTTOUR PERU S.r.l, le sugerimos leer atentamente estos t\u00e9rminos y condiciones y de acuerdo con las normas de viaje peruanas, al momento de reservar un tour o caminata con Isa VENTTOUR PERU S.r.l. Usted autom\u00e1ticamente se adhiere a estas regulaciones que [&hellip;]<\/p>\n","protected":false},"author":1,"featured_media":0,"parent":0,"menu_order":0,"comment_status":"closed","ping_status":"closed","template":"","meta":{"footnotes":""},"class_list":["post-434","page","type-page","status-publish","hentry"],"yoast_head":"<!-- This site is optimized with the Yoast SEO Premium plugin v24.2 (Yoast SEO v26.8) - https:\/\/yoast.com\/product\/yoast-seo-premium-wordpress\/ -->\n<title>Terms and Conditions - Venttour Per&uacute;<\/title>\n<meta name=\"robots\" content=\"index, follow, max-snippet:-1, max-image-preview:large, max-video-preview:-1\" \/>\n<link rel=\"canonical\" href=\"https:\/\/venttourperu.com\/en\/terms-and-conditions\/\" \/>\n<meta property=\"og:locale\" content=\"en_US\" \/>\n<meta property=\"og:type\" content=\"article\" \/>\n<meta property=\"og:title\" content=\"Terms and Conditions\" \/>\n<meta property=\"og:description\" content=\"VENTTOUR PERU E.I.R.L T\u00c9RMINOS Y CONDICIONES: Estimado cliente, antes de contratar cualquier servicio con VENTTOUR PERU S.r.l, le sugerimos leer atentamente estos t\u00e9rminos y condiciones y de acuerdo con las normas de viaje peruanas, al momento de reservar un tour o caminata con Isa VENTTOUR PERU S.r.l. Usted autom\u00e1ticamente se adhiere a estas regulaciones que [&hellip;]\" \/>\n<meta property=\"og:url\" content=\"https:\/\/venttourperu.com\/en\/terms-and-conditions\/\" \/>\n<meta property=\"og:site_name\" content=\"Venttour Per&uacute;\" \/>\n<meta property=\"article:publisher\" content=\"https:\/\/www.facebook.com\/venttourperu\/\" \/>\n<meta property=\"article:modified_time\" content=\"2024-01-21T21:04:35+00:00\" \/>\n<meta name=\"twitter:card\" content=\"summary_large_image\" \/>\n<meta name=\"twitter:label1\" content=\"Est. reading time\" \/>\n\t<meta name=\"twitter:data1\" content=\"7 minutes\" \/>\n<script type=\"application\/ld+json\" class=\"yoast-schema-graph\">{\"@context\":\"https:\/\/schema.org\",\"@graph\":[{\"@type\":\"WebPage\",\"@id\":\"https:\/\/venttourperu.com\/en\/terms-and-conditions\/\",\"url\":\"https:\/\/venttourperu.com\/en\/terms-and-conditions\/\",\"name\":\"Terms and Conditions - Venttour Per&uacute;\",\"isPartOf\":{\"@id\":\"https:\/\/venttourperu.com\/#website\"},\"datePublished\":\"2023-11-29T21:39:51+00:00\",\"dateModified\":\"2024-01-21T21:04:35+00:00\",\"breadcrumb\":{\"@id\":\"https:\/\/venttourperu.com\/en\/terms-and-conditions\/#breadcrumb\"},\"inLanguage\":\"en-US\",\"potentialAction\":[{\"@type\":\"ReadAction\",\"target\":[\"https:\/\/venttourperu.com\/en\/terms-and-conditions\/\"]}]},{\"@type\":\"BreadcrumbList\",\"@id\":\"https:\/\/venttourperu.com\/en\/terms-and-conditions\/#breadcrumb\",\"itemListElement\":[{\"@type\":\"ListItem\",\"position\":1,\"name\":\"Portada\",\"item\":\"https:\/\/venttourperu.com\/en\/page-home\/\"},{\"@type\":\"ListItem\",\"position\":2,\"name\":\"Terms and Conditions\"}]},{\"@type\":\"WebSite\",\"@id\":\"https:\/\/venttourperu.com\/#website\",\"url\":\"https:\/\/venttourperu.com\/\",\"name\":\"Venttour Per\u00fa\",\"description\":\"Agencia de viajes en Cusco\",\"publisher\":{\"@id\":\"https:\/\/venttourperu.com\/#organization\"},\"potentialAction\":[{\"@type\":\"SearchAction\",\"target\":{\"@type\":\"EntryPoint\",\"urlTemplate\":\"https:\/\/venttourperu.com\/?s={search_term_string}\"},\"query-input\":{\"@type\":\"PropertyValueSpecification\",\"valueRequired\":true,\"valueName\":\"search_term_string\"}}],\"inLanguage\":\"en-US\"},{\"@type\":\"Organization\",\"@id\":\"https:\/\/venttourperu.com\/#organization\",\"name\":\"Venttour Per\u00fa\",\"url\":\"https:\/\/venttourperu.com\/\",\"logo\":{\"@type\":\"ImageObject\",\"inLanguage\":\"en-US\",\"@id\":\"https:\/\/venttourperu.com\/#\/schema\/logo\/image\/\",\"url\":\"https:\/\/venttourperu.com\/wp-content\/uploads\/2023\/11\/logo-ventours-encabezado.png\",\"contentUrl\":\"https:\/\/venttourperu.com\/wp-content\/uploads\/2023\/11\/logo-ventours-encabezado.png\",\"width\":819,\"height\":257,\"caption\":\"Venttour Per\u00fa\"},\"image\":{\"@id\":\"https:\/\/venttourperu.com\/#\/schema\/logo\/image\/\"},\"sameAs\":[\"https:\/\/www.facebook.com\/venttourperu\/\"]}]}<\/script>\n<!-- \/ Yoast SEO Premium plugin. -->","yoast_head_json":{"title":"Terms and Conditions - Venttour Per&uacute;","robots":{"index":"index","follow":"follow","max-snippet":"max-snippet:-1","max-image-preview":"max-image-preview:large","max-video-preview":"max-video-preview:-1"},"canonical":"https:\/\/venttourperu.com\/en\/terms-and-conditions\/","og_locale":"en_US","og_type":"article","og_title":"Terms and Conditions","og_description":"VENTTOUR PERU E.I.R.L T\u00c9RMINOS Y CONDICIONES: Estimado cliente, antes de contratar cualquier servicio con VENTTOUR PERU S.r.l, le sugerimos leer atentamente estos t\u00e9rminos y condiciones y de acuerdo con las normas de viaje peruanas, al momento de reservar un tour o caminata con Isa VENTTOUR PERU S.r.l. Usted autom\u00e1ticamente se adhiere a estas regulaciones que [&hellip;]","og_url":"https:\/\/venttourperu.com\/en\/terms-and-conditions\/","og_site_name":"Venttour Per&uacute;","article_publisher":"https:\/\/www.facebook.com\/venttourperu\/","article_modified_time":"2024-01-21T21:04:35+00:00","twitter_card":"summary_large_image","twitter_misc":{"Est. reading time":"7 minutes"},"schema":{"@context":"https:\/\/schema.org","@graph":[{"@type":"WebPage","@id":"https:\/\/venttourperu.com\/en\/terms-and-conditions\/","url":"https:\/\/venttourperu.com\/en\/terms-and-conditions\/","name":"Terms and Conditions - Venttour Per&uacute;","isPartOf":{"@id":"https:\/\/venttourperu.com\/#website"},"datePublished":"2023-11-29T21:39:51+00:00","dateModified":"2024-01-21T21:04:35+00:00","breadcrumb":{"@id":"https:\/\/venttourperu.com\/en\/terms-and-conditions\/#breadcrumb"},"inLanguage":"en-US","potentialAction":[{"@type":"ReadAction","target":["https:\/\/venttourperu.com\/en\/terms-and-conditions\/"]}]},{"@type":"BreadcrumbList","@id":"https:\/\/venttourperu.com\/en\/terms-and-conditions\/#breadcrumb","itemListElement":[{"@type":"ListItem","position":1,"name":"Portada","item":"https:\/\/venttourperu.com\/en\/page-home\/"},{"@type":"ListItem","position":2,"name":"Terms and Conditions"}]},{"@type":"WebSite","@id":"https:\/\/venttourperu.com\/#website","url":"https:\/\/venttourperu.com\/","name":"Venttour Per\u00fa","description":"Agencia de viajes en Cusco","publisher":{"@id":"https:\/\/venttourperu.com\/#organization"},"potentialAction":[{"@type":"SearchAction","target":{"@type":"EntryPoint","urlTemplate":"https:\/\/venttourperu.com\/?s={search_term_string}"},"query-input":{"@type":"PropertyValueSpecification","valueRequired":true,"valueName":"search_term_string"}}],"inLanguage":"en-US"},{"@type":"Organization","@id":"https:\/\/venttourperu.com\/#organization","name":"Venttour Per\u00fa","url":"https:\/\/venttourperu.com\/","logo":{"@type":"ImageObject","inLanguage":"en-US","@id":"https:\/\/venttourperu.com\/#\/schema\/logo\/image\/","url":"https:\/\/venttourperu.com\/wp-content\/uploads\/2023\/11\/logo-ventours-encabezado.png","contentUrl":"https:\/\/venttourperu.com\/wp-content\/uploads\/2023\/11\/logo-ventours-encabezado.png","width":819,"height":257,"caption":"Venttour Per\u00fa"},"image":{"@id":"https:\/\/venttourperu.com\/#\/schema\/logo\/image\/"},"sameAs":["https:\/\/www.facebook.com\/venttourperu\/"]}]}},"_links":{"self":[{"href":"https:\/\/venttourperu.com\/en\/wp-json\/wp\/v2\/pages\/434","targetHints":{"allow":["GET"]}}],"collection":[{"href":"https:\/\/venttourperu.com\/en\/wp-json\/wp\/v2\/pages"}],"about":[{"href":"https:\/\/venttourperu.com\/en\/wp-json\/wp\/v2\/types\/page"}],"author":[{"embeddable":true,"href":"https:\/\/venttourperu.com\/en\/wp-json\/wp\/v2\/users\/1"}],"replies":[{"embeddable":true,"href":"https:\/\/venttourperu.com\/en\/wp-json\/wp\/v2\/comments?post=434"}],"version-history":[{"count":4,"href":"https:\/\/venttourperu.com\/en\/wp-json\/wp\/v2\/pages\/434\/revisions"}],"predecessor-version":[{"id":1260,"href":"https:\/\/venttourperu.com\/en\/wp-json\/wp\/v2\/pages\/434\/revisions\/1260"}],"wp:attachment":[{"href":"https:\/\/venttourperu.com\/en\/wp-json\/wp\/v2\/media?parent=434"}],"curies":[{"name":"wp","href":"https:\/\/api.w.org\/{rel}","templated":true}]}}